{"id":49693,"date":"2022-05-01T21:34:41","date_gmt":"2022-05-02T04:34:41","guid":{"rendered":"https:\/\/nalandabodhi.org\/?page_id=49693"},"modified":"2022-05-01T21:40:49","modified_gmt":"2022-05-02T04:40:49","slug":"nalandabodhi-em-portugues","status":"publish","type":"page","link":"https:\/\/nalandabodhi.org\/pt\/i18n\/nalandabodhi-em-portugues\/","title":{"rendered":"Nalandabodhi em portugu\u00eas"},"content":{"rendered":"<div data-elementor-type=\"wp-post\" data-elementor-id=\"49693\" class=\"elementor elementor-49693\">\n\t\t\t\t\t\t<div class=\"elementor-inner\">\n\t\t\t\t<div class=\"elementor-section-wrap\">\n\t\t\t\t\t\t\t\t\t<section data-particle_enable=\"false\" data-particle-mobile-disabled=\"false\" class=\"elementor-section elementor-top-section elementor-element elementor-element-7e254232 elementor-section-boxed elementor-section-height-default elementor-section-height-default\" data-id=\"7e254232\" data-element_type=\"section\">\n\t\t\t\t\t\t<div class=\"elementor-container elementor-column-gap-default\">\n\t\t\t\t\t\t\t<div class=\"elementor-row\">\n\t\t\t\t\t<div class=\"elementor-column elementor-col-100 elementor-top-column elementor-element elementor-element-403e9b5e\" data-id=\"403e9b5e\" data-element_type=\"column\">\n\t\t\t<div class=\"elementor-column-wrap elementor-element-populated\">\n\t\t\t\t\t\t\t<div class=\"elementor-widget-wrap\">\n\t\t\t\t\t\t<div class=\"elementor-element elementor-element-48a601b7 elementor-widget elementor-widget-text-editor\" data-id=\"48a601b7\" data-element_type=\"widget\" data-widget_type=\"text-editor.default\">\n\t\t\t\t<div class=\"elementor-widget-container\">\n\t\t\t\t\t\t\t\t<div class=\"elementor-text-editor elementor-clearfix\">\n\t\t\t\t<p>Obrigado por visitar nosso site da Nalandabodhi Internacional!<\/p><p>Pedimos desculpas por n\u00e3o ter todo o conte\u00fado traduzido em portugu\u00eas. Por\u00e9m, convidamos voc\u00ea a visitar nosso site com informa\u00e7\u00f5es espec\u00edficas sobre a Nalandabodhi Brasil.<\/p><p><strong>Brasil<br \/><\/strong><a href=\"https:\/\/petropolis.nalandabodhi.com.br\/\">https:\/\/petropolis.nalandabodhi.com.br\/<\/a><br \/><a href=\"mailto:info@nalandabodhi.com.br\">info@nalandabodhi.com.br<\/a><\/p>\t\t\t\t\t<\/div>\n\t\t\t\t\t\t<\/div>\n\t\t\t\t<\/div>\n\t\t\t\t\t\t<\/div>\n\t\t\t\t\t<\/div>\n\t\t<\/div>\n\t\t\t\t\t\t\t\t<\/div>\n\t\t\t\t\t<\/div>\n\t\t<\/section>\n\t\t\t\t\t\t\t\t\t<\/div>\n\t\t\t<\/div>\n\t\t\t\t\t<\/div>","protected":false},"excerpt":{"rendered":"<p>Obrigado por visitar nosso site da Nalandabodhi Internacional! Pedimos desculpas por n\u00e3o ter todo o conte\u00fado traduzido em portugu\u00eas. Por\u00e9m, te convidamos a visitar nosso site com informa\u00e7\u00f5es espec\u00edficas sobre a Nalandabodhi Brasil. Brasilhttps:\/\/petropolis.nalandabodhi.com.br\/info@nalandabodhi.com.br<\/p>","protected":false},"author":30,"featured_media":0,"parent":31384,"menu_order":1,"comment_status":"closed","ping_status":"closed","template":"","meta":{"_links_to":"","_links_to_target":""},"acf":[],"yoast_head":"<!-- This site is optimized with the Yoast SEO plugin v20.7 - https:\/\/yoast.com\/wordpress\/plugins\/seo\/ -->\n<title>Nalandabodhi em portugu\u00eas - Nalandabodhi International<\/title>\n<meta name=\"robots\" content=\"index, follow, max-snippet:-1, max-image-preview:large, max-video-preview:-1\" \/>\n<link rel=\"canonical\" href=\"https:\/\/nalandabodhi.org\/pt\/i18n\/nalandabodhi-em-portugues\/\" \/>\n<meta property=\"og:locale\" content=\"pt_BR\" \/>\n<meta property=\"og:type\" content=\"article\" \/>\n<meta property=\"og:title\" content=\"Nalandabodhi em portugu\u00eas - Nalandabodhi International\" \/>\n<meta property=\"og:description\" content=\"Obrigado por visitar nosso site da Nalandabodhi Internacional! Pedimos desculpas por n\u00e3o ter todo o conte\u00fado traduzido em portugu\u00eas. Por\u00e9m, te convidamos a visitar nosso site com informa\u00e7\u00f5es espec\u00edficas sobre a Nalandabodhi Brasil. Brasilhttps:\/\/petropolis.nalandabodhi.com.br\/info@nalandabodhi.com.br\" \/>\n<meta property=\"og:url\" content=\"https:\/\/nalandabodhi.org\/pt\/i18n\/nalandabodhi-em-portugues\/\" \/>\n<meta property=\"og:site_name\" content=\"Nalandabodhi International\" \/>\n<meta property=\"article:modified_time\" content=\"2022-05-02T04:40:49+00:00\" \/>\n<meta name=\"twitter:card\" content=\"summary_large_image\" \/>\n<meta name=\"twitter:label1\" content=\"Est. tempo de leitura\" \/>\n\t<meta name=\"twitter:data1\" content=\"1 minuto\" \/>\n<script type=\"application\/ld+json\" class=\"yoast-schema-graph\">{\"@context\":\"https:\/\/schema.org\",\"@graph\":[{\"@type\":\"WebPage\",\"@id\":\"https:\/\/nalandabodhi.org\/i18n\/nalandabodhi-em-portugues\/\",\"url\":\"https:\/\/nalandabodhi.org\/i18n\/nalandabodhi-em-portugues\/\",\"name\":\"Nalandabodhi em portugu\u00eas - Nalandabodhi International\",\"isPartOf\":{\"@id\":\"https:\/\/nalandabodhi.org\/fr\/#website\"},\"datePublished\":\"2022-05-02T04:34:41+00:00\",\"dateModified\":\"2022-05-02T04:40:49+00:00\",\"breadcrumb\":{\"@id\":\"https:\/\/nalandabodhi.org\/i18n\/nalandabodhi-em-portugues\/#breadcrumb\"},\"inLanguage\":\"pt-BR\",\"potentialAction\":[{\"@type\":\"ReadAction\",\"target\":[\"https:\/\/nalandabodhi.org\/i18n\/nalandabodhi-em-portugues\/\"]}]},{\"@type\":\"BreadcrumbList\",\"@id\":\"https:\/\/nalandabodhi.org\/i18n\/nalandabodhi-em-portugues\/#breadcrumb\",\"itemListElement\":[{\"@type\":\"ListItem\",\"position\":1,\"name\":\"Home\",\"item\":\"https:\/\/nalandabodhi.org\/\"},{\"@type\":\"ListItem\",\"position\":2,\"name\":\"Internationalization\",\"item\":\"https:\/\/nalandabodhi.org\/i18n\/\"},{\"@type\":\"ListItem\",\"position\":3,\"name\":\"Nalandabodhi em portugu\u00eas\"}]},{\"@type\":\"WebSite\",\"@id\":\"https:\/\/nalandabodhi.org\/fr\/#website\",\"url\":\"https:\/\/nalandabodhi.org\/fr\/\",\"name\":\"Nalandabodhi International\",\"description\":\"Be Wise, GoKind, Live Fully\",\"publisher\":{\"@id\":\"https:\/\/nalandabodhi.org\/fr\/#organization\"},\"potentialAction\":[{\"@type\":\"SearchAction\",\"target\":{\"@type\":\"EntryPoint\",\"urlTemplate\":\"https:\/\/nalandabodhi.org\/fr\/?s={search_term_string}\"},\"query-input\":\"required name=search_term_string\"}],\"inLanguage\":\"pt-BR\"},{\"@type\":\"Organization\",\"@id\":\"https:\/\/nalandabodhi.org\/fr\/#organization\",\"name\":\"Nalandabodhi\",\"url\":\"https:\/\/nalandabodhi.org\/fr\/\",\"logo\":{\"@type\":\"ImageObject\",\"inLanguage\":\"pt-BR\",\"@id\":\"https:\/\/nalandabodhi.org\/fr\/#\/schema\/logo\/image\/\",\"url\":\"https:\/\/nalandabodhi.org\/wp-content\/uploads\/2020\/05\/NBLogo.png\",\"contentUrl\":\"https:\/\/nalandabodhi.org\/wp-content\/uploads\/2020\/05\/NBLogo.png\",\"width\":785,\"height\":785,\"caption\":\"Nalandabodhi\"},\"image\":{\"@id\":\"https:\/\/nalandabodhi.org\/fr\/#\/schema\/logo\/image\/\"}}]}<\/script>\n<!-- \/ Yoast SEO plugin. -->","yoast_head_json":{"title":"Nalandabodhi em portugu\u00eas - Nalandabodhi International","robots":{"index":"index","follow":"follow","max-snippet":"max-snippet:-1","max-image-preview":"max-image-preview:large","max-video-preview":"max-video-preview:-1"},"canonical":"https:\/\/nalandabodhi.org\/pt\/i18n\/nalandabodhi-em-portugues\/","og_locale":"pt_BR","og_type":"article","og_title":"Nalandabodhi em portugu\u00eas - Nalandabodhi International","og_description":"Obrigado por visitar nosso site da Nalandabodhi Internacional! Pedimos desculpas por n\u00e3o ter todo o conte\u00fado traduzido em portugu\u00eas. Por\u00e9m, te convidamos a visitar nosso site com informa\u00e7\u00f5es espec\u00edficas sobre a Nalandabodhi Brasil. Brasilhttps:\/\/petropolis.nalandabodhi.com.br\/info@nalandabodhi.com.br","og_url":"https:\/\/nalandabodhi.org\/pt\/i18n\/nalandabodhi-em-portugues\/","og_site_name":"Nalandabodhi International","article_modified_time":"2022-05-02T04:40:49+00:00","twitter_card":"summary_large_image","twitter_misc":{"Est. tempo de leitura":"1 minuto"},"schema":{"@context":"https:\/\/schema.org","@graph":[{"@type":"WebPage","@id":"https:\/\/nalandabodhi.org\/i18n\/nalandabodhi-em-portugues\/","url":"https:\/\/nalandabodhi.org\/i18n\/nalandabodhi-em-portugues\/","name":"Nalandabodhi em portugu\u00eas - Nalandabodhi International","isPartOf":{"@id":"https:\/\/nalandabodhi.org\/fr\/#website"},"datePublished":"2022-05-02T04:34:41+00:00","dateModified":"2022-05-02T04:40:49+00:00","breadcrumb":{"@id":"https:\/\/nalandabodhi.org\/i18n\/nalandabodhi-em-portugues\/#breadcrumb"},"inLanguage":"pt-BR","potentialAction":[{"@type":"ReadAction","target":["https:\/\/nalandabodhi.org\/i18n\/nalandabodhi-em-portugues\/"]}]},{"@type":"BreadcrumbList","@id":"https:\/\/nalandabodhi.org\/i18n\/nalandabodhi-em-portugues\/#breadcrumb","itemListElement":[{"@type":"ListItem","position":1,"name":"Home","item":"https:\/\/nalandabodhi.org\/"},{"@type":"ListItem","position":2,"name":"Internationalization","item":"https:\/\/nalandabodhi.org\/i18n\/"},{"@type":"ListItem","position":3,"name":"Nalandabodhi em portugu\u00eas"}]},{"@type":"WebSite","@id":"https:\/\/nalandabodhi.org\/fr\/#website","url":"https:\/\/nalandabodhi.org\/fr\/","name":"Nalandabodhi International","description":"Be Wise, GoKind, Live Fully","publisher":{"@id":"https:\/\/nalandabodhi.org\/fr\/#organization"},"potentialAction":[{"@type":"SearchAction","target":{"@type":"EntryPoint","urlTemplate":"https:\/\/nalandabodhi.org\/fr\/?s={search_term_string}"},"query-input":"required name=search_term_string"}],"inLanguage":"pt-BR"},{"@type":"Organization","@id":"https:\/\/nalandabodhi.org\/fr\/#organization","name":"Nalandabodhi","url":"https:\/\/nalandabodhi.org\/fr\/","logo":{"@type":"ImageObject","inLanguage":"pt-BR","@id":"https:\/\/nalandabodhi.org\/fr\/#\/schema\/logo\/image\/","url":"https:\/\/nalandabodhi.org\/wp-content\/uploads\/2020\/05\/NBLogo.png","contentUrl":"https:\/\/nalandabodhi.org\/wp-content\/uploads\/2020\/05\/NBLogo.png","width":785,"height":785,"caption":"Nalandabodhi"},"image":{"@id":"https:\/\/nalandabodhi.org\/fr\/#\/schema\/logo\/image\/"}}]}},"_links":{"self":[{"href":"https:\/\/nalandabodhi.org\/pt\/wp-json\/wp\/v2\/pages\/49693"}],"collection":[{"href":"https:\/\/nalandabodhi.org\/pt\/wp-json\/wp\/v2\/pages"}],"about":[{"href":"https:\/\/nalandabodhi.org\/pt\/wp-json\/wp\/v2\/types\/page"}],"author":[{"embeddable":true,"href":"https:\/\/nalandabodhi.org\/pt\/wp-json\/wp\/v2\/users\/30"}],"replies":[{"embeddable":true,"href":"https:\/\/nalandabodhi.org\/pt\/wp-json\/wp\/v2\/comments?post=49693"}],"version-history":[{"count":0,"href":"https:\/\/nalandabodhi.org\/pt\/wp-json\/wp\/v2\/pages\/49693\/revisions"}],"up":[{"embeddable":true,"href":"https:\/\/nalandabodhi.org\/pt\/wp-json\/wp\/v2\/pages\/31384"}],"wp:attachment":[{"href":"https:\/\/nalandabodhi.org\/pt\/wp-json\/wp\/v2\/media?parent=49693"}],"curies":[{"name":"wp","href":"https:\/\/api.w.org\/{rel}","templated":true}]}}